{"id":285,"date":"2023-05-18T12:51:32","date_gmt":"2023-05-18T12:51:32","guid":{"rendered":"http:\/\/www.soaic.it\/site\/?page_id=285"},"modified":"2023-07-24T12:30:07","modified_gmt":"2023-07-24T12:30:07","slug":"faq","status":"publish","type":"page","link":"https:\/\/www.soaic.it\/site\/faq\/","title":{"rendered":"FAQ"},"content":{"rendered":"\t\t<div data-elementor-type=\"wp-page\" data-elementor-id=\"285\" class=\"elementor elementor-285\">\n\t\t\t\t\t\t<div class=\"elementor-inner\">\n\t\t\t\t<div class=\"elementor-section-wrap\">\n\t\t\t\t\t\t\t\t\t<section class=\"elementor-section elementor-top-section elementor-element elementor-element-c54cb96 elementor-section-boxed elementor-section-height-default elementor-section-height-default\" data-id=\"c54cb96\" data-element_type=\"section\">\n\t\t\t\t\t\t<div class=\"elementor-container elementor-column-gap-thegem\">\n\t\t\t\t\t\t\t<div class=\"elementor-row\">\n\t\t\t\t\t<div class=\"elementor-column elementor-col-100 elementor-top-column elementor-element elementor-element-30fd3b5\" data-id=\"30fd3b5\" data-element_type=\"column\">\n\t\t\t<div class=\"elementor-column-wrap elementor-element-populated\">\n\t\t\t\t\t\t\t<div class=\"elementor-widget-wrap\">\n\t\t\t\t\t\t<div class=\"elementor-element elementor-element-bb3bfeb flex-horizontal-align-default flex-horizontal-align-tablet-default flex-horizontal-align-mobile-default flex-vertical-align-default flex-vertical-align-tablet-default flex-vertical-align-mobile-default elementor-widget elementor-widget-spacer\" data-id=\"bb3bfeb\" data-element_type=\"widget\" data-widget_type=\"spacer.default\">\n\t\t\t\t<div class=\"elementor-widget-container\">\n\t\t\t<style>\/*! elementor - v3.13.3 - 28-05-2023 *\/\n.elementor-column .elementor-spacer-inner{height:var(--spacer-size)}.e-con{--container-widget-width:100%}.e-con-inner>.elementor-widget-spacer,.e-con>.elementor-widget-spacer{width:var(--container-widget-width,var(--spacer-size));--align-self:var(--container-widget-align-self,initial);--flex-shrink:0}.e-con-inner>.elementor-widget-spacer>.elementor-widget-container,.e-con-inner>.elementor-widget-spacer>.elementor-widget-container>.elementor-spacer,.e-con>.elementor-widget-spacer>.elementor-widget-container,.e-con>.elementor-widget-spacer>.elementor-widget-container>.elementor-spacer{height:100%}.e-con-inner>.elementor-widget-spacer>.elementor-widget-container>.elementor-spacer>.elementor-spacer-inner,.e-con>.elementor-widget-spacer>.elementor-widget-container>.elementor-spacer>.elementor-spacer-inner{height:var(--container-widget-height,var(--spacer-size))}<\/style>\t\t<div class=\"elementor-spacer\">\n\t\t\t<div class=\"elementor-spacer-inner\"><\/div>\n\t\t<\/div>\n\t\t\t\t<\/div>\n\t\t\t\t<\/div>\n\t\t\t\t<div class=\"elementor-element elementor-element-3f23975 flex-horizontal-align-default flex-horizontal-align-tablet-default flex-horizontal-align-mobile-default flex-vertical-align-default flex-vertical-align-tablet-default flex-vertical-align-mobile-default elementor-widget elementor-widget-thegem-styled-textbox\" data-id=\"3f23975\" data-element_type=\"widget\" data-settings=\"{&quot;thegem_elementor_preset&quot;:&quot;basic-left-aligned&quot;}\" data-widget_type=\"thegem-styled-textbox.default\">\n\t\t\t\t<div class=\"elementor-widget-container\">\n\t\t\t\n<div class=\"gem-textbox styled-textbox-basic-left-aligned\">\n\n\t\n\t\t<div class=\"gem-textbox-top gem-textbox-top-none default-fill\">\n\t\t\t\t\t<\/div>\n\t\n\t<div class=\"gem-textbox-inner\">\n\n\t\t<div class=\"gem-textbox-content default-background icon-top gem-textbox-icon-horizontal-right gem-textbox-icon-image-wrapping-inline\">\n\n\t\t\t\t\t\t\t<div class=\"gem-texbox-icon-image-wrapper\">\n\n\t\t\t\t\t\t\t\t\t\t\t<div class=\"icon-top right\">\n\t\t\t\t\t\t\t<div class=\"gem-textbox-icon\">\n\t\t\t\t\t\t\t\t<div class=\"elementor-icon\">\n\t\t\t\t\t\t\t\t\t\t\t\t\t\t\t\t\t<\/div>\n\t\t\t\t\t\t\t<\/div>\n\t\t\t\t\t\t<\/div>\n\t\t\t\t\t\n\t\t\t\t\t\n\t\t\t\t<\/div>\n\t\t\t\n\t\t\t<div class=\"gem-texbox-text-wrapper\">\n\n\t\t\t\t\t\t\t\t\t\n\t\t\t\t\t\t<h2 class=\"gem-textbox-title title-h2 bold\">\n\t\t\t\t\t\t\tFAQ\t\t\t\t\t\t<\/h2>\n\n\t\t\t\t\t\n\t\t\t\t\t\n\t\t\t\t\t\t<div class=\"gem-textbox-description gem-text-output\">\n\t\t\t\t\t\t\t<p><strong>Chi deve attestarsi?<\/strong><\/p><p>L\u2019attestazione di qualificazione, introdotta dal DPR 34\/2000, Regolamento per l\u2019 istituzione di un sistema unico di qualificazione dei soggetti esecutori di lavori pubblici, a norma dell\u2019 art. 8, comma 2, della Legge 109\/94, \u00e8 obbligatoria per tutte le imprese che intendano partecipare a gare d\u2019 appalto di lavori pubblici che siano di importo superiore ai 150.000 euro.<\/p><p><b>Quali imprese possono ottenere l\u2019Attestazione?<\/b><\/p><p>Possono ottenere l\u2019 Attestazione le imprese individuali, anche artigiane, le societ\u00e0 commerciali, le societ\u00e0 cooperative, i consorzi fra societ\u00e0 cooperative di produzione e lavoro, costituiti a norma della legge 25 giugno 1909, n. 422, e successive modificazioni, i consorzi tra imprese artigiane , i consorzi stabili costituiti anche in forma di societ\u00e0 consortili ai sensi dell'articolo 2615-ter del codice civile, tra imprese individuali, anche artigiane, societ\u00e0 commerciali, societ\u00e0 cooperative di produzione e lavoro e le associazioni temporanee di imprese e i soggetti che abbiano stipulato il contratto di gruppo europeo di interesse economico (Geie) ai sensi del decreto legislativo 23 luglio 1991, n. 240.<\/p><p><b>Il possesso del sistema qualit\u00e0 \u00e8 requisito necessario per ottenere l\u2019Attestazione Soa?<\/b><\/p><p>Il possesso della certificazione di qualit\u00e0 \u00e8 obbligatorio solo se l\u2019 Attestazione Soa viene richiesta per categorie di importo pari o superiore alla III classifica .<\/p><p><b>Quali sono i tempi necessari per l\u2019attestazione?<\/b><\/p><p>La Soa, dopo la stipula del contratto con l\u2019 impresa istante e la verifica dei requisiti di qualificazione, compie la procedura di rilascio entro novanta giorni dalla stipula del contratto. Inoltre, la procedura pu\u00f2 essere sospesa per chiarimenti o integrazioni documentali per un periodo complessivamente non superiore a 90 giorni; trascorso tale periodo di sospensione e comunque trascorso un periodo complessivo non superiore a 180 giorni dalla stipula del contratto, la Soa \u00e8 tenuta a rilasciare l\u2019attestazione o comunque il diniego di rilascio della stessa.<\/p><p><b>Quale validit\u00e0 temporale ha l\u2019Attestazione Soa?<\/b><\/p><p>La durata dell'efficacia dell'attestazione \u00e8 pari a cinque anni con verifica triennale del mantenimento dei requisiti di ordine generale nonch\u00e9 dei requisiti di capacit\u00e0 strutturale di cui all\u2019art 15 bis del DPR 34\/2000 e succ. modific. ed integr.<\/p><p><b>Come si rinnova l\u2019Attestazione Soa?<\/b><\/p><p>Il rinnovo dell'attestazione avviene alle stesse condizioni e con le stesse modalit\u00e0 previste per il rilascio dell\u2019attestazione. Il rinnovo dell'attestazione pu\u00f2 essere richiesto anche prima della scadenza, sempre che siano decorsi tre mesi dalla data del rilascio dell'attestazione gi\u00e0 acquisita. L\u2019impresa che intende conseguire il rinnovo dell\u2019 attestazione deve stipulare un nuovo contratto con la medesima Soa o con un\u2019 altra autorizzata.<\/p><p><b>Che cos\u2019\u00e8 e come si ottiene l\u2019incremento convenzionale premiante?<\/b><\/p><p>L\u2019 incremento convenzionale premiante permette all\u2019 impresa di maggiorare il proprio volume d\u2019 affari, la cifra d\u2019 affari in lavori eseguiti e i lavori di punta. Per poter usufruire di questo beneficio l\u2019impresa deve possedere il sistema di qualit\u00e0 aziendale e soddisfare almeno tre dei seguenti requisiti ed indici economico finanziari:<\/p><p><b>1)capitale netto<\/b>, costituito dal totale della lettera A del passivo dello Stato Patrimoniale di cui all'art. 2424 del c.c. dell'ultimo bilancio approvato, pari o superiore al 5% della media annuale della cifra d\u2019affari degli ultimi 5 anni.<\/p><p><b>2) indice di liquidit\u00e0,<\/b> costituito dal rapporto tra liquidit\u00e0 ed esigibilit\u00e0 correnti dell'ultimo bilancio approvato, pari o superiore a 0,5; le liquidit\u00e0 comprendono le rimanenze per lavori in corso alla fine dell\u2019esercizio.<\/p><p><b>3) reddito netto di esercizio<\/b>, costituito dalla differenza tra il valore e i costi della produzione di cui all\u2019art. 2425 c.c. di valore positivo in almeno due esercizi negli ultimi tre anni.<\/p><p><b>4) adeguata dotazione di attrezzature tecniche e adeguato organico medio annuo <\/b>pari ai valori minimi stabiliti dall\u2019 art. 18 commi 8 e 10.<\/p><p>Se le condizioni sopra elencate si verificano gli importi relativi alla cifra d\u2019affari, ai lavori complessivamente eseguiti, ai lavori di punta, vengono incrementati in base alla percentuale determinata secondo la formula riportata all\u2019Allegato F del D.P.R. 34\/2000 e successive modific. ed integr.<\/p><p><b>Quali requisiti deve avere il Direttore Tecnico?<\/b><\/p><p>I direttori tecnici delle imprese che vogliono qualificarsi in categorie con classifica di importo superiore alla IV (fino a L .5.000.000.000, \u20ac 2.582,284.000) devono essere in possesso di laurea in ingegneria, in architettura, o altra equipollente o di diploma universitario in ingegneria o in architettura o equipollente. Invece, per le classifiche inferiori \u00e8 ammesso anche il possesso del diploma di geometra e di perito industriale edile o di equivalente titolo di studio tecnico, ovvero di requisito professionale identificato nella esperienza acquisita nel settore delle costruzioni quale direttore di cantiere per un periodo non inferiore a cinque anni da comprovare con idonei certificati di esecuzione dei lavori attestanti tale condizione.<\/p><p><b>Un\u2019 impresa pu\u00f2 ottenere l\u2019 Attestazione mediante la dimostrazione i requisiti di idoneit\u00e0 tecnica grazie all\u2019 apporto del Direttore tecnico?<\/b><\/p><p>Un\u2019 impresa pu\u00f2 dimostrare requisiti relativi all\u2019 idoneit\u00e0 tecnica grazie all\u2019 apporto del Direttore tecnico solo per le qualificazione fino alla III classifica di importo. In tal caso, i requisiti di cui all\u2019 art. 18 comma 5, lettere b) e c) del DPR 34\/2000 e succ. modific. ed integr. possono essere dimostrati dall\u2019impresa mediante i lavori affidati ad altre imprese della cui condotta \u00e8 stato responsabile uno dei propri direttori tecnici. Questa facolt\u00e0 pu\u00f2 essere esercitata solo nel caso in cui i soggetti designati hanno svolto funzioni di direttore tecnico, per conto di imprese gi\u00e0 iscritte all'Albo nazionale dei costruttori ovvero qualificate ai sensi del Regolamento, per un periodo complessivo non inferiore a cinque anni, di cui almeno tre consecutivi nella stessa impresa. Lo svolgimento di tali funzioni \u00e8 dimostrato con l'esibizione dei certificati di iscrizione all'Albo o dell'attestazione e dei certificati di esecuzione dei lavori della cui condotta uno dei direttori tecnici \u00e8 stato responsabile. La valutazione dei lavori \u00e8 effettuata abbattendo ad un decimo l\u2019importo complessivo di essi e fino ad un massimo di due miliardi. Un direttore tecnico non pu\u00f2 dimostrare i requisiti di cui all\u2019 art. 18 comma 5, lettere b) e c) del DPR 34\/2000 e succ. modific. e intregr. qualora non siano trascorsi cinque anni da una eventuale precedente dimostrazione ed a tal fine deve produrre una apposita dichiarazione.<\/p><p><b>Cosa accade in caso di variazione del Direttore Tecnico che ha consentito l\u2019 attestazione e l\u2019 impresa non provveda alla sua sostituzione?<\/b><\/p><p>Se l\u2019impresa non provvede alla sostituzione del o dei direttori tecnici uscenti, si dispone:<\/p><p>la revoca della qualificazione nelle categorie ed importi corrispondenti, connessi alla presenza del o dei direttori tecnici uscenti;<\/p><p>la conferma o la riduzione della qualificazione nelle categorie ed importi corrispondenti, nel caso in cui l\u2019impresa dimostri di aver eseguito lavori rispettivamente di pari o di minore importo nelle categorie in precedenza connesse alla direzione tecnica.<\/p><p>La stessa qualificazione pu\u00f2 essere confermata sulla base di autonoma e specifica valutazione se l\u2019impresa provvede alla sostituzione del direttore tecnico o dei direttori tecnici uscenti con soggetti aventi analoga idoneit\u00e0.<\/p><p><b>Qual\u2019 \u00e8 la differenza tra categorie di opere generali e categorie di opere specializzate previste dalla Legge n. 109\/94 e succ. modif.?<\/b><\/p><p>Le categorie di opere generali individuate dall\u2019 acronimo \u201cOG\u201d presuppongono, ai fini della relativa qualificazione, che l\u2019 impresa sia in grado di svolgere in proprio o con qualsiasi altro mezzo l\u2019attivit\u00e0 di costruzione, ristrutturazione e manutenzione di opere o interventi per la cui realizzazione siano necessarie una pluralit\u00e0 di specifiche lavorazioni. Inoltre, occorre che l\u2019 impresa abbia capacit\u00e0 operativa ed organizzativa dei fattori produttivi, una specifica competenza nel coordinamento tecnico delle attivit\u00e0 lavorative, nella gestione economico-finanziaria e nella conoscenza di tutte le regole tecniche e amministrative che disciplinano l\u2019 esecuzione di lavori pubblici. Ai fini, invece, del conseguimento della qualificazione nelle categorie di opere specializzate individuate dall\u2019 acronimo \u201cOS\u201d, l\u2019 impresa deve dimostrare la capacit\u00e0 di eseguire in proprio l\u2019 attivit\u00e0 di esecuzione, ristrutturazione e manutenzione di specifiche lavorazioni che costituiscono, di norma, parte del processo realizzativo di un\u2019 opera o di un intervento e necessitano di una particolare specializzazione e professionalit\u00e0. Analogamente per la qualificazione nella categorie specializzate l\u2019 impresa deve capacit\u00e0 operativa ed organizzativa dei fattori produttivi, una specifica competenza nel coordinamento tecnico delle attivit\u00e0 lavorative, nella gestione economico-finanziaria e nella conoscenza di tutte le regole tecniche e amministrative che disciplinano l\u2019 esecuzione di lavori pubblici.<\/p><p><b>Cosa sono i lavori per attivit\u00e0 diretta e indiretta?<br \/><\/b><\/p><p>I lavori per attivit\u00e0 diretta sono quelli che l\u2019impresa svolge direttamente, mentre i lavori per attivit\u00e0 indiretta sono costituiti dalle opere che l\u2019impresa svolge in qualit\u00e0 di consorziata o associata temporanea ad altre imprese.<\/p><p><b>Cosa sono i lavori di punta?<\/b><\/p><p>I lavori di punta o di massimo sono costituiti dalle opere realizzate dall\u2019 impresa secondo le seguenti percentuali : un lavoro unico pari al 40% dell'importo di iscrizione richiesto o due lavori che sommati raggiungono il 55% dell'importo richiesto o tre lavori che sommati raggiungono il 65% dell'importo richiesto.<\/p><p><b>Che cos\u2019\u00e8 e quali caratteristiche deve avere il Consorzio stabile?<\/b><\/p><p>L\u2019 art. 2602 del codice civile definisce il Consorzio stabile come il contratto con cui pi\u00f9 imprenditori istituiscono un'organizzazione comune per la disciplina o per lo svolgimento di determinate fasi delle rispettive imprese.<\/p><p>Ai sensi poi dell\u2019 art. art. 12 della Legge n. 109\/94 (legge sui Lavori Pubblici) il Consorzio stabile \u00e8 tale se possiede le seguenti caratteristiche:<\/p><p>presenza di almeno tre consorziati;<\/p><p>accordo dei consorziati di operare in modo congiunto nel settore dei lavori pubblici per non meno di cinque anni;<\/p><p>presenza di una struttura comune dei consorziati per svolgere la relativa attivit\u00e0.<\/p><p>Inoltre, perch\u00e9 un Consorzio sia validamente costituito, occorre che il contratto sia essere redatto in forma scritta a pena di nullit\u00e0 e contenga una serie di elementi, quali:<\/p><p>l) l'oggetto e la durata del consorzio;<\/p><p>2) la sede dell'ufficio eventualmente costituito;<\/p><p>3) gli obblighi assunti e i contributi dovuti dai consorziati;<\/p><p>4) le attribuzioni e i poteri degli organi consortili anche in ordine alla rappresentanza in giudizio;<\/p><p>5) le condizioni di ammissione di nuovi consorziati;<\/p><p>6) i casi di recesso e di esclusione;<\/p><p>7) le sanzioni per l'inadempimento degli obblighi dei consorziati.<\/p><p><b>In che modo si ottiene l\u2019Attestazione per un Consorzio stabile?<\/b><\/p><p>Il Consorzio Stabile ottiene l\u2019Attestazione sulla base delle attestazioni possedute dalle singole imprese consorziate e la ottiene per le categorie e classifiche corrispondenti alla somma di quelle possedute dalle imprese consorziate .Qualora la somma delle classifiche delle imprese consorziate, non coincida con una delle classifiche previste dal D.P.R. 34\/2000, la qualificazione \u00e8 acquisita nella classifica inferiore o in quella di importo superiore alla somma delle classifiche possedute dalle imprese consorziate, a seconda che tale somma si collochi rispettivamente al di sotto, al di sopra o alla pari della met\u00e0 dell\u2019intervallo delle due classifiche.<\/p><p>Per ottenere l\u2019Attestazione nella classifica di importo illimitato, \u00e8 necessario che almeno una tra le imprese consorziate gi\u00e0 possieda tale qualificazione.<\/p><p>In alternativa, \u00e8 necessario che tra le imprese consorziate ve ne sia almeno una con qualificazione per la classifica VII e almeno due con classifica V; oppure che ve ne siano almeno tre per classifica VI.<\/p><p>Il Consorzio pu\u00f2 essere formato sia da imprese con Qualificazione nella stessa categoria e sia da imprese con Qualificazioni in categorie diverse .<\/p><p>\u00a0<\/p><table style=\"height: 115px\" border=\"1\" width=\"269\"><tbody><tr><td>Row 1, Column 1<\/td><td>Row 1, Column 2<\/td><\/tr><tr><td>Row 2, Column 1<\/td><td>Row 2, Column 2<\/td><\/tr><\/tbody><\/table><p>Esempio 1)IMPRESE CONSORZIATECATEGORIEIMPORTOImpresa 1OG 22.000.000.000Impresa 2OG 21.000.000.000Impresa 3OG 25.000.000.000Impresa 4OG 22.000.000.000TOTALE10.000.000.000In questo caso essendo la somma delle qualificazioni delle singole imprese consorziate pari a 10 miliardi (\u20ac 5.164.568.99), il Consorzio stabile otterr\u00e0 l\u2019 Attestazione per la classifica V nella categoria di opere generali OG2Esempio 2)IMPRESE CONSORZIATECATEGORIEIMPORTOImpresa 1OG 22.000.000.000Impresa 2OG 22.000.000.000Impresa 3OG 21.000.000.000Impresa 4OG 21.000.000.000TOTALE6.000.000.000In questa ipotesi poich\u00e9 il totale delle qualificazioni delle singole imprese consorziate si colloca al di sotto della somma delle classifiche IV+V= 15 miliardi : 2 = pari a 7.5 miliardi ed essendo 6&lt;7.5, il consorzio ottiene la categoria OG 2 per la IV classifica Lit. 5.000.000.000 (\u20ac 2.582.284,50)Esempio 3)IMPRESE CONSORZIATECATEGORIEIMPORTOImpresa 1OG 21.000.000.000Impresa 2OG 21.000.000.000Impresa 3OG 21.000.000.000Impresa 4OG 21.000.000.000TOTALE4.000.000.000In questo caso poich\u00e9 il totale si colloca al di sopra della somma delle due classifiche III + IV = 7 mld : 2 = 3.5 ed essendo 4&gt;3.5, il consorzio otterr\u00e0 la categoria OG2 per L . 5.000.000.000(\u20ac 2.582.284,50) con attribuzione della classifica IVEsempio 4)IMPRESE CONSORZIATECATEGORIEIMPORTOImpresa 1OG 12.000.000.000Impresa 2OG 21.000.000.000Impresa 3OG 35.000.000.000Impresa 4OG 12.000.000.000TOTALE10.000.000.000In questo caso il consorzio ottiene pi\u00f9 qualificazioni in categorie diverse e per classifiche diverse e quindi:OG 1 per Lit. 5.000.000.000 (IV classifica)OG 2 per Lit. 1.000.000.000 (II classifica)OG 3 per Lit. 5.000.000.000 (IV classifica)<b>Cos\u2019\u00e8 la categoria prevalente prevista nei bandi di gara?<\/b>Per categoria prevalente, ai sensi dell\u2019 art. 30 comma 1 lettera b) del DPR 34\/2000 e successive modificazioni ed integrazioni si intende la categoria di importo pi\u00f9 elevato tra quelle costituenti l\u2019 intervento.<b>Come pu\u00f2 un\u2019impresa ottenere l\u2019attestazione se non possiede i requisiti previsti dal DPR 34\/2000 e succ. modific. ed integr.?<\/b>Nella Determina n. 11\/2002 l\u2019Autorit\u00e0 di Vigilanza sui LL .PP ., pronunciandosi in tema di cessione d\u2019 azienda o di suo ramo, ha stabilito che un\u2019 impresa pu\u00f2 ottenere l\u2019attestazione di qualificazione anche se non possiede i relativi requisiti, a seguito di operazioni di fusione, scissione, di trasferimento di azienda o di un ramo di azienda e a seguito d\u2019 affitto d\u2019 azienda, di durata maggiore di cinque anni.<\/p>\t\t\t\t\t\t<\/div>\n\n\t\t\t\t\t\n\t\t\t\t\n\t\t\t\t\n\t\t\t<\/div>\n\n\t\t<\/div>\n\n\t<\/div>\n\n\t\n\t\t<div class=\"gem-textbox-bottom gem-textbox-bottom-none default-fill\">\n\t\t\t\t<\/div>\n\t\n\t\n<\/div>\n\t\t<\/div>\n\t\t\t\t<\/div>\n\t\t\t\t<div class=\"elementor-element elementor-element-1db41d7 flex-horizontal-align-default flex-horizontal-align-tablet-default flex-horizontal-align-mobile-default flex-vertical-align-default flex-vertical-align-tablet-default flex-vertical-align-mobile-default elementor-widget elementor-widget-spacer\" data-id=\"1db41d7\" data-element_type=\"widget\" data-widget_type=\"spacer.default\">\n\t\t\t\t<div class=\"elementor-widget-container\">\n\t\t\t\t\t<div class=\"elementor-spacer\">\n\t\t\t<div class=\"elementor-spacer-inner\"><\/div>\n\t\t<\/div>\n\t\t\t\t<\/div>\n\t\t\t\t<\/div>\n\t\t\t\t\t\t<\/div>\n\t\t\t\t\t<\/div>\n\t\t<\/div>\n\t\t\t\t\t\t\t\t<\/div>\n\t\t\t\t\t<\/div>\n\t\t<\/section>\n\t\t\t\t\t\t\t\t\t<\/div>\n\t\t\t<\/div>\n\t\t\t\t\t<\/div>\n\t\t","protected":false},"excerpt":{"rendered":"<p>FAQ Chi deve attestarsi? L\u2019attestazione di qualificazione, introdotta dal DPR 34\/2000, Regolamento per l\u2019 istituzione di un sistema unico di&#8230;<\/p>\n","protected":false},"author":1,"featured_media":0,"parent":0,"menu_order":0,"comment_status":"closed","ping_status":"closed","template":"elementor_header_footer","meta":{"footnotes":""},"class_list":["post-285","page","type-page","status-publish"],"_links":{"self":[{"href":"https:\/\/www.soaic.it\/site\/wp-json\/wp\/v2\/pages\/285","targetHints":{"allow":["GET"]}}],"collection":[{"href":"https:\/\/www.soaic.it\/site\/wp-json\/wp\/v2\/pages"}],"about":[{"href":"https:\/\/www.soaic.it\/site\/wp-json\/wp\/v2\/types\/page"}],"author":[{"embeddable":true,"href":"https:\/\/www.soaic.it\/site\/wp-json\/wp\/v2\/users\/1"}],"replies":[{"embeddable":true,"href":"https:\/\/www.soaic.it\/site\/wp-json\/wp\/v2\/comments?post=285"}],"version-history":[{"count":19,"href":"https:\/\/www.soaic.it\/site\/wp-json\/wp\/v2\/pages\/285\/revisions"}],"predecessor-version":[{"id":975,"href":"https:\/\/www.soaic.it\/site\/wp-json\/wp\/v2\/pages\/285\/revisions\/975"}],"wp:attachment":[{"href":"https:\/\/www.soaic.it\/site\/wp-json\/wp\/v2\/media?parent=285"}],"curies":[{"name":"wp","href":"https:\/\/api.w.org\/{rel}","templated":true}]}}